{"id":22856,"date":"2019-02-23T21:39:04","date_gmt":"2019-02-23T20:39:04","guid":{"rendered":"https:\/\/www.sophiamed.de\/?page_id=22856"},"modified":"2025-01-31T17:18:53","modified_gmt":"2025-01-31T16:18:53","slug":"buch-immunsymbiose","status":"publish","type":"page","link":"https:\/\/www.sophiamed.de\/index.php\/buch-immunsymbiose\/","title":{"rendered":"Das Buch &#8222;ImmunSymbiose&#8220;"},"content":{"rendered":"<div class=\"wpb-content-wrapper\"><p>[vc_row row_type=&#8220;row&#8220; use_row_as_full_screen_section=&#8220;no&#8220; type=&#8220;grid&#8220; text_align=&#8220;left&#8220; background_animation=&#8220;none&#8220; css_animation=&#8220;&#8220; background_color=&#8220;#f8f8f8&#8243; el_id=&#8220;content&#8220;][vc_column][vc_empty_space height=&#8220;56px&#8220;][vc_column_text]<\/p>\n<h3>ImmunSymbiose &#8211; Das Buch<\/h3>\n<p>[\/vc_column_text][vc_empty_space][\/vc_column][\/vc_row][vc_row row_type=&#8220;row&#8220; use_row_as_full_screen_section=&#8220;no&#8220; type=&#8220;grid&#8220; text_align=&#8220;left&#8220; background_animation=&#8220;none&#8220; padding_top=&#8220;10&#8243; padding_bottom=&#8220;10&#8243; css_animation=&#8220;&#8220; background_color=&#8220;#f8f8f8&#8243;][vc_column width=&#8220;1\/2&#8243; offset=&#8220;vc_hidden-sm vc_hidden-xs&#8220;][vc_empty_space height=&#8220;64px&#8220;][vc_column_text]Bereits in unserem ersten gemeinsamen Buch \u201eDie biologische Behandlung der Lyme- Borreliose\u201c beschreiben wir \u00a0die Modulation des Immunsystems als entscheidenden Schritt bei der Behandlung chronischer Erkrankungen.<\/p>\n<p>Mit diesem Buch erweitern wir den Begriff des Immunsystems auf ein komplexes, hoch entwickeltes und hochgradig organisiertes Zusammenspiel zwischen Mikroorganismen und k\u00f6rpereigenen Zellen: <strong>die ImmunSymbiose<\/strong>.<\/p>\n<p>Sowohl der menschliche als auch der mikrobielle Anteil arbeiten dabei Hand in Hand, um Traumen, Konflikte und fordernde Umweltbelastungen gemeinsam nicht nur zu bew\u00e4ltigen, sondern zur Weiterentwicklung zu nutzen.<\/p>\n<p><strong>Was zerst\u00f6rte diese Symbiose in den letzten 150 Jahren? Welche Aspekte der ImmunSymbiose finden wir bereits jetzt in wissenschaftlichen Studien?<\/strong><\/p>\n<p>Wir beschreiben Wege, wie wir unser Mikrobiom regenerieren k\u00f6nnen, wie wir den Dialog zwischen Mikrobiom und Immunsystem wieder verbessern k\u00f6nnen, wie selbst nicht integrierte Keime schnell lernen k\u00f6nnen, produktiver Anteil unseres Mikrobioms zu werden, der symbiotisch wirkt \u2013 wie wir ImmunSymbiose wiederherstellen und leben k\u00f6nnen.[\/vc_column_text][vc_separator type=&#8220;transparent&#8220; border_style=&#8220;&#8220; up=&#8220;25&#8243;][\/vc_column][vc_column width=&#8220;1\/2&#8243; css=&#8220;.vc_custom_1551454361259{margin-left: 75px !important;}&#8220; offset=&#8220;vc_hidden-sm vc_hidden-xs&#8220;][vc_single_image image=&#8220;22857&#8243; img_size=&#8220;medium&#8220; onclick=&#8220;link_image&#8220; qode_css_animation=&#8220;element_from_fade&#8220;][vc_separator type=&#8220;transparent&#8220; border_style=&#8220;&#8220; up=&#8220;25&#8243;]<a href=\"https:\/\/shop.sophiaviva.de\/material\/146\/immunsymbiose-immuntoleranz-durch-kommunikation-und-frieden-mit-mikroben?number=MA1002\" target=\"_blank\"  class=\"qbutton \" style=\"\">zur Buchbestellung<\/a>[vc_separator type=&#8220;transparent&#8220; border_style=&#8220;&#8220; up=&#8220;25&#8243;][vc_column_text]ISBN: 978-3-989157-0-9<\/p>\n<p>Verlag: SophiaMed<br \/>\nErscheinungsdatum: 26.10.2017<br \/>\n384 Seiten, Hard Cover<br \/>\nVerkaufspreis: \u20ac 79.-[\/vc_column_text][\/vc_column][\/vc_row][vc_row row_type=&#8220;row&#8220; use_row_as_full_screen_section=&#8220;no&#8220; type=&#8220;grid&#8220; text_align=&#8220;left&#8220; background_animation=&#8220;none&#8220; css_animation=&#8220;&#8220; background_color=&#8220;#f8f8f8&#8243;][vc_column][vc_empty_space][vc_column_text]<strong>Haftungsausschluss<\/strong><\/p>\n<p>&nbsp;<\/p>\n<p>Die Inhalte dieser Seiten sind keine medizinischen Aussagen. Die Diagnose und Therapie von Krankheiten und anderen k\u00f6rperlichen St\u00f6rungen erfordert die Behandlung durch \u00c4rzte oder Heilpraktiker. Die Informationen auf diesen Seiten sind ausschlie\u00dflich informativ und sollten nicht als Ersatz f\u00fcr eine medizinische Behandlung verwendet werden. Das Risiko einer falschen Diagnose oder Behandlung kann nur durch die Einschaltung eines Arztes oder Heilpraktikers reduziert werden.<\/p>\n<p>&nbsp;<\/p>\n<p>Wie jede Wissenschaft ist auch die Medizin einer st\u00e4ndigen Entwicklung unterworfen. Forschung und klinische Erfahrung erweitern unser Wissen, insbesondere im Hinblick auf die Behandlung und die Arzneimitteltherapie. Soweit auf diesen Seiten eine Anwendung, Dosierung oder ein bestimmtes medizinisches oder ern\u00e4hrungstherapeutisches Verfahren erw\u00e4hnt wird, kann keine Garantie \u00fcbernommen werden.<\/p>\n<p>&nbsp;<\/p>\n<p>Jeder Anwender ist angehalten, sorgf\u00e4ltig zu pr\u00fcfen und ggf. einen Fachmann zu konsultieren, ob die angegebenen Empfehlungen und Richtwerte im konkreten Fall zutreffend sind. Jegliche Dosierung, Anwendung oder Therapie erfolgt auf eigenes Risiko des Anwenders.[\/vc_column_text][vc_empty_space][vc_column_text]<strong>Weshalb wir von einer Selbstbehandlung dringend abraten<\/strong><\/p>\n<p>&nbsp;<\/p>\n<p>Eine der besonderen St\u00e4rken dieser Medizin liegt in der individuellen Behandlung eines jeden Patienten. Die Mittel, ihre Dosierung, ihre Kombinierbarkeit mit anderen Mitteln und die Dauer der Einnahme werden mittels ART-Testung genau festgelegt. Auf diese Weise werden Sie bestm\u00f6glich betreut und bei Irritationen oder unerw\u00fcnschten Reaktionen wird korrigiert und angepasst. Diese Art der Kontrolle kann ein Patient \u2013 selbst bei einiger Grundkenntnis \u2013 f\u00fcr sich selbst nicht leisten! Der Weg \u00fcber einen ausgebildeten Therapeuten f\u00fchrt Sie schneller und zuverl\u00e4ssiger und ohne kostspielige Irrt\u00fcmer zu Ihrem Ziel, n\u00e4mlich wieder gesund zu werden.[\/vc_column_text][vc_empty_space height=&#8220;56px&#8220;][\/vc_column][\/vc_row]<\/p>\n<\/div>","protected":false},"excerpt":{"rendered":"<p>[vc_row row_type=&#8220;row&#8220; use_row_as_full_screen_section=&#8220;no&#8220; type=&#8220;grid&#8220; text_align=&#8220;left&#8220; background_animation=&#8220;none&#8220; css_animation=&#8220;&#8220; background_color=&#8220;#f8f8f8&#8243; el_id=&#8220;content&#8220;][vc_column][vc_empty_space height=&#8220;56px&#8220;][vc_column_text] ImmunSymbiose &#8211; Das Buch [\/vc_column_text][vc_empty_space][\/vc_column][\/vc_row][vc_row row_type=&#8220;row&#8220; use_row_as_full_screen_section=&#8220;no&#8220; type=&#8220;grid&#8220; text_align=&#8220;left&#8220; background_animation=&#8220;none&#8220; padding_top=&#8220;10&#8243; padding_bottom=&#8220;10&#8243; css_animation=&#8220;&#8220; background_color=&#8220;#f8f8f8&#8243;][vc_column width=&#8220;1\/2&#8243; offset=&#8220;vc_hidden-sm vc_hidden-xs&#8220;][vc_empty_space height=&#8220;64px&#8220;][vc_column_text]Bereits in unserem ersten gemeinsamen Buch \u201eDie biologische Behandlung der Lyme- Borreliose\u201c beschreiben wir \u00a0die Modulation des Immunsystems&#8230;<\/p>\n","protected":false},"author":2,"featured_media":0,"parent":0,"menu_order":0,"comment_status":"closed","ping_status":"closed","template":"full_width.php","meta":{"footnotes":""},"class_list":["post-22856","page","type-page","status-publish","hentry"],"_links":{"self":[{"href":"https:\/\/www.sophiamed.de\/index.php\/wp-json\/wp\/v2\/pages\/22856","targetHints":{"allow":["GET"]}}],"collection":[{"href":"https:\/\/www.sophiamed.de\/index.php\/wp-json\/wp\/v2\/pages"}],"about":[{"href":"https:\/\/www.sophiamed.de\/index.php\/wp-json\/wp\/v2\/types\/page"}],"author":[{"embeddable":true,"href":"https:\/\/www.sophiamed.de\/index.php\/wp-json\/wp\/v2\/users\/2"}],"replies":[{"embeddable":true,"href":"https:\/\/www.sophiamed.de\/index.php\/wp-json\/wp\/v2\/comments?post=22856"}],"version-history":[{"count":42,"href":"https:\/\/www.sophiamed.de\/index.php\/wp-json\/wp\/v2\/pages\/22856\/revisions"}],"predecessor-version":[{"id":23540,"href":"https:\/\/www.sophiamed.de\/index.php\/wp-json\/wp\/v2\/pages\/22856\/revisions\/23540"}],"wp:attachment":[{"href":"https:\/\/www.sophiamed.de\/index.php\/wp-json\/wp\/v2\/media?parent=22856"}],"curies":[{"name":"wp","href":"https:\/\/api.w.org\/{rel}","templated":true}]}}