{"id":22840,"date":"2019-02-23T21:13:04","date_gmt":"2019-02-23T20:13:04","guid":{"rendered":"https:\/\/www.sophiamed.de\/?page_id=22840"},"modified":"2025-01-31T17:21:15","modified_gmt":"2025-01-31T16:21:15","slug":"buch-lyme-borreliose","status":"publish","type":"page","link":"https:\/\/www.sophiamed.de\/index.php\/buch-lyme-borreliose\/","title":{"rendered":"Das Buch &#8222;Lyme-Borreliose&#8220;"},"content":{"rendered":"<div class=\"wpb-content-wrapper\"><p>[vc_row row_type=&#8220;row&#8220; use_row_as_full_screen_section=&#8220;no&#8220; type=&#8220;grid&#8220; anchor=&#8220;concept&#8220; text_align=&#8220;left&#8220; background_animation=&#8220;none&#8220; padding_top=&#8220;45&#8243; padding_bottom=&#8220;45&#8243; css_animation=&#8220;&#8220; background_color=&#8220;#f8f8f8&#8243; el_id=&#8220;content&#8220;][vc_column][vc_empty_space height=&#8220;48px&#8220;][vc_column_text]<\/p>\n<h3>Die Biologische Behandlung der Lyme-Borreliose<\/h3>\n<p>[\/vc_column_text][vc_empty_space][\/vc_column][\/vc_row][vc_row row_type=&#8220;row&#8220; use_row_as_full_screen_section=&#8220;no&#8220; type=&#8220;grid&#8220; text_align=&#8220;left&#8220; background_animation=&#8220;none&#8220; padding_top=&#8220;10&#8243; padding_bottom=&#8220;10&#8243; css_animation=&#8220;&#8220; background_color=&#8220;#f8f8f8&#8243;][vc_column][vc_column_text]Der Erfolg, den Dr. Klinghardt seit Jahrzehnten bei der Behandlung chronischer, neurologischer Erkrankungen aufweisen kann, untermauert seine Feststellung, dass die unbehandelte chronisch-persistente Borreliose auf dem Hintergrund einer enormen Toxin-Belastung Grundlage der meisten chronischen, neurologischen Erkrankungen des 21. Jahrhunderts ist: Autismus und neurologische Auff\u00e4lligkeiten bei Kindern (z.B. ADHS), M. Alzheimer, Multiple Sklerose, Amyotrophe Lateralsklerose, Chonische M\u00fcdigkeit, Multiple Chemikaliensensitivit\u00e4t, M. Parkinson, Abdominelle Probleme wie Leaky Gut, M. Crohn oder Colitis.<\/p>\n<p>&nbsp;<\/p>\n<p><strong>Was ist eine \u201eLyme-Borreliose\u201c? Wie macht sie sich bemerkbar und wie kann sie behandelt werden?<\/strong><\/p>\n<p>&nbsp;<\/p>\n<p>Der Begriff Lyme-Borreliose schlie\u00dft heute alle Krankheitsbilder ein, die durch die verschiedenen Borrelienarten und durch Co-Infektionen, opportunistische Infektionen und den von den Autoren neu eingef\u00fchrten Pr\u00e4-Infektionen ausgel\u00f6st werden. Dabei wird der gr\u00f6\u00dfte Teil der Symptome \u2013 und diese Erkenntnis ist neu \u2013 nicht von den Erregern selbst, sondern durch die inad\u00e4quate Immunantwort des Organismus hervorgerufen.<\/p>\n<p>Viele Krankheiten, die den chronisch neurologischen Erkrankungen und Autoimmunerkrankungen unbekannter Genese zugeordnet werden, gehen nachweislich auf eine Infektion mit Borrelien oder den Co-Erregern zur\u00fcck. Dazu z\u00e4hlen M. Alzheimer, M. Parkinson, Multiple Sklerose, Amyotrophe Lateralsklerose, das chronische M\u00fcdigkeitssyndrom, Rheumatische Symptome, ADHS, Autismus, Diffuse Schmerzen, Multiple Allergien, chronische Darmentz\u00fcndungen und weitere.[\/vc_column_text][vc_empty_space height=&#8220;48px&#8220;][\/vc_column][\/vc_row][vc_row row_type=&#8220;row&#8220; use_row_as_full_screen_section=&#8220;no&#8220; type=&#8220;grid&#8220; text_align=&#8220;left&#8220; background_animation=&#8220;none&#8220; padding_top=&#8220;10&#8243; padding_bottom=&#8220;10&#8243; css_animation=&#8220;&#8220; background_color=&#8220;#ffffff&#8220;][vc_column width=&#8220;1\/2&#8243; offset=&#8220;vc_hidden-sm vc_hidden-xs&#8220;][vc_empty_space][vc_column_text]Dr. med. Dietrich Klinghardt, geb. 1950, erforscht auf der Suche nach Antworten auf die Fragen \u201eWarum werden wir krank?\u201c und \u201eWas macht uns krank?\u201c bereits sein ganzes medizinisches Leben lang die toxischen Einfl\u00fcsse aus der Umwelt auf unsere Gesundheit: Schwermetalle, Aluminium, Herbizide und Strahlung durch den Mobilfunk. Schon lange hat er erkannt, dass Infektionen mit Borrelien und allen damit verbundenen Erregern im System unheilvolle Synergien mit diesen toxischen Faktoren eingehen \u2013 denn Keime gedeihen in vergiftetem Milieu \u2013 mit verheerenden Folgen f\u00fcr das Immunsystem.<\/p>\n<p>&nbsp;<\/p>\n<p>Seine Antwort darauf ist eine sorgf\u00e4ltig entwickelte, gut fundierte biologische Behandlungsweise in 4 Phasen, mit der er schon viele schwerkranke Menschen auf den Weg zur\u00fcck zur Gesundheit gef\u00fchrt hat.<\/p>\n<p>&nbsp;<\/p>\n<p>Gemeinsam mit der Therapeutin Ariane Zappe stellt er in diesem Buch die vielf\u00e4ltige Symptomatik und ihre spezielle Diagnostik und Therapie vor. Dabei ist ein Werk mit k\u00fchnen und innovativen Gedanken entstanden, das f\u00fcr \u00c4rzte, Therapeuten und medizinisch interessierte Leser fach\u00fcbergreifend vollkommen neue, einleuchtende Zusammenh\u00e4nge herstellt \u2013 untermauert durch Hunderte von Studien.[\/vc_column_text][vc_empty_space][\/vc_column][vc_column width=&#8220;1\/2&#8243; css=&#8220;.vc_custom_1551454489026{margin-left: 75px !important;}&#8220; offset=&#8220;vc_hidden-sm vc_hidden-xs&#8220;][vc_empty_space][vc_separator type=&#8220;transparent&#8220; border_style=&#8220;&#8220; up=&#8220;5&#8243;][vc_single_image image=&#8220;22824&#8243; img_size=&#8220;medium&#8220; onclick=&#8220;link_image&#8220; qode_css_animation=&#8220;element_from_fade&#8220;][vc_separator type=&#8220;transparent&#8220; border_style=&#8220;&#8220; up=&#8220;25&#8243;]<a href=\"https:\/\/www.ink.ag\/shop\/buecher-und-schriften\/dr.-klinghardt\/buecher\/72959\/die-biolog.-behandlung-der-lyme-borreliose?c=1102\" target=\"_blank\"  class=\"qbutton \" style=\"\">zur Buchbestellung<\/a>[\/vc_column][\/vc_row][vc_row row_type=&#8220;row&#8220; use_row_as_full_screen_section=&#8220;no&#8220; type=&#8220;grid&#8220; text_align=&#8220;left&#8220; background_animation=&#8220;none&#8220; css_animation=&#8220;&#8220; background_color=&#8220;#f8f8f8&#8243;][vc_column][vc_empty_space][vc_column_text]<strong>Haftungsausschluss<\/strong><\/p>\n<p>&nbsp;<\/p>\n<p>Die Inhalte dieser Seiten sind keine medizinischen Aussagen. Die Diagnose und Therapie von Krankheiten und anderen k\u00f6rperlichen St\u00f6rungen erfordert die Behandlung durch \u00c4rzte oder Heilpraktiker. Die Informationen auf diesen Seiten sind ausschlie\u00dflich informativ und sollten nicht als Ersatz f\u00fcr eine medizinische Behandlung verwendet werden. Das Risiko einer falschen Diagnose oder Behandlung kann nur durch die Einschaltung eines Arztes oder Heilpraktikers reduziert werden.<\/p>\n<p>&nbsp;<\/p>\n<p>Wie jede Wissenschaft ist auch die Medizin einer st\u00e4ndigen Entwicklung unterworfen. Forschung und klinische Erfahrung erweitern unser Wissen, insbesondere im Hinblick auf die Behandlung und die Arzneimitteltherapie. Soweit auf diesen Seiten eine Anwendung, Dosierung oder ein bestimmtes medizinisches oder ern\u00e4hrungstherapeutisches Verfahren erw\u00e4hnt wird, kann keine Garantie \u00fcbernommen werden.<\/p>\n<p>&nbsp;<\/p>\n<p>Jeder Anwender ist angehalten, sorgf\u00e4ltig zu pr\u00fcfen und ggf. einen Fachmann zu konsultieren, ob die angegebenen Empfehlungen und Richtwerte im konkreten Fall zutreffend sind. Jegliche Dosierung, Anwendung oder Therapie erfolgt auf eigenes Risiko des Anwenders.[\/vc_column_text][vc_empty_space][vc_column_text]<strong>Weshalb wir von einer Selbstbehandlung dringend abraten<\/strong><\/p>\n<p>&nbsp;<\/p>\n<p>Eine der besonderen St\u00e4rken dieser Medizin liegt in der individuellen Behandlung eines jeden Patienten. Die Mittel, ihre Dosierung, ihre Kombinierbarkeit mit anderen Mitteln und die Dauer der Einnahme werden mittels ART-Testung genau festgelegt. Auf diese Weise werden Sie bestm\u00f6glich betreut und bei Irritationen oder unerw\u00fcnschten Reaktionen wird korrigiert und angepasst. Diese Art der Kontrolle kann ein Patient \u2013 selbst bei einiger Grundkenntnis \u2013 f\u00fcr sich selbst nicht leisten! Der Weg \u00fcber einen ausgebildeten Therapeuten f\u00fchrt Sie schneller und zuverl\u00e4ssiger und ohne kostspielige Irrt\u00fcmer zu Ihrem Ziel, n\u00e4mlich wieder gesund zu werden.[\/vc_column_text][vc_empty_space][\/vc_column][\/vc_row]<\/p>\n<\/div>","protected":false},"excerpt":{"rendered":"<p>[vc_row row_type=&#8220;row&#8220; use_row_as_full_screen_section=&#8220;no&#8220; type=&#8220;grid&#8220; anchor=&#8220;concept&#8220; text_align=&#8220;left&#8220; background_animation=&#8220;none&#8220; padding_top=&#8220;45&#8243; padding_bottom=&#8220;45&#8243; css_animation=&#8220;&#8220; background_color=&#8220;#f8f8f8&#8243; el_id=&#8220;content&#8220;][vc_column][vc_empty_space height=&#8220;48px&#8220;][vc_column_text] Die Biologische Behandlung der Lyme-Borreliose [\/vc_column_text][vc_empty_space][\/vc_column][\/vc_row][vc_row row_type=&#8220;row&#8220; use_row_as_full_screen_section=&#8220;no&#8220; type=&#8220;grid&#8220; text_align=&#8220;left&#8220; background_animation=&#8220;none&#8220; padding_top=&#8220;10&#8243; padding_bottom=&#8220;10&#8243; css_animation=&#8220;&#8220; background_color=&#8220;#f8f8f8&#8243;][vc_column][vc_column_text]Der Erfolg, den Dr. Klinghardt seit Jahrzehnten bei der Behandlung chronischer, neurologischer Erkrankungen aufweisen kann, untermauert seine Feststellung,&#8230;<\/p>\n","protected":false},"author":2,"featured_media":0,"parent":0,"menu_order":0,"comment_status":"closed","ping_status":"closed","template":"full_width.php","meta":{"footnotes":""},"class_list":["post-22840","page","type-page","status-publish","hentry"],"_links":{"self":[{"href":"https:\/\/www.sophiamed.de\/index.php\/wp-json\/wp\/v2\/pages\/22840","targetHints":{"allow":["GET"]}}],"collection":[{"href":"https:\/\/www.sophiamed.de\/index.php\/wp-json\/wp\/v2\/pages"}],"about":[{"href":"https:\/\/www.sophiamed.de\/index.php\/wp-json\/wp\/v2\/types\/page"}],"author":[{"embeddable":true,"href":"https:\/\/www.sophiamed.de\/index.php\/wp-json\/wp\/v2\/users\/2"}],"replies":[{"embeddable":true,"href":"https:\/\/www.sophiamed.de\/index.php\/wp-json\/wp\/v2\/comments?post=22840"}],"version-history":[{"count":38,"href":"https:\/\/www.sophiamed.de\/index.php\/wp-json\/wp\/v2\/pages\/22840\/revisions"}],"predecessor-version":[{"id":23542,"href":"https:\/\/www.sophiamed.de\/index.php\/wp-json\/wp\/v2\/pages\/22840\/revisions\/23542"}],"wp:attachment":[{"href":"https:\/\/www.sophiamed.de\/index.php\/wp-json\/wp\/v2\/media?parent=22840"}],"curies":[{"name":"wp","href":"https:\/\/api.w.org\/{rel}","templated":true}]}}